{"id":21,"date":"2023-05-10T15:29:26","date_gmt":"2023-05-10T13:29:26","guid":{"rendered":"https:\/\/host4.edservices.fr\/schlichtingtest\/?page_id=21"},"modified":"2024-05-31T11:46:01","modified_gmt":"2024-05-31T09:46:01","slug":"rejoignez-nous","status":"publish","type":"page","link":"https:\/\/host13.edservices.fr\/sth\/rejoignez-nous\/","title":{"rendered":"Rejoignez-nous"},"content":{"rendered":"\n<div style=\"height:40px\"><\/div><!-- wp:image {\"id\":3654,\"sizeSlug\":\"full\",\"linkDestination\":\"none\",\"className\":\"header\"} -->\n<figure class=\"wp-block-image size-full header\"><img src=\"https:\/\/host13.edservices.fr\/schlichting\/wp-content\/uploads\/sites\/3\/2024\/02\/215520436_6063951710296596_889700629506637794_n.jpg\" alt=\"\" class=\"wp-image-3654\" \/><\/figure>\n<!-- \/wp:image -->\n\n<!-- wp:paragraph -->\n<p><\/p>\n<!-- \/wp:paragraph -->\n\n<!-- wp:paragraph {\"align\":\"center\",\"textColor\":\"black\"} -->\n<p class=\"has-text-align-center has-black-color has-text-color\"><strong>Nous recherchons actuellement sur Nancy (54):<\/strong><\/p>\n<!-- \/wp:paragraph -->\n\n<!-- wp:paragraph {\"align\":\"center\"} -->\n<p class=\"has-text-align-center\">des techniciens manutentionnaires avec permis B<br>des plyonistes pour installation d'antennes grande hauteur<br>des conducteurs grands routiers en national avec permis CE<br>un responsable logistique confirm\u00e9 pour g\u00e9rer un d\u00e9pot<\/p>\n<!-- \/wp:paragraph -->\n\n<!-- wp:paragraph {\"align\":\"center\",\"textColor\":\"white\"} -->\n<p class=\"has-text-align-center has-white-color has-text-color\">-<\/p>\n<!-- \/wp:paragraph -->\n\n<!-- wp:buttons {\"layout\":{\"type\":\"flex\",\"justifyContent\":\"center\"}} -->\n<div class=\"wp-block-buttons\"><!-- wp:button {\"width\":100,\"style\":{\"border\":{\"radius\":\"6px\"},\"color\":{\"gradient\":\"linear-gradient(0deg,rgba(252,185,0,1) 0%,rgba(255,105,0,1) 100%)\"}},\"className\":\"is-style-fill\",\"fontSize\":\"small\"} -->\n<div class=\"wp-block-button has-custom-width wp-block-button__width-100 has-custom-font-size is-style-fill has-small-font-size\"><a class=\"wp-block-button__link has-background wp-element-button\" href=\"https:\/\/host13.edservices.fr\/sth\/formulaire-de-candidature\/\" style=\"border-radius:6px;background:linear-gradient(0deg,rgba(252,185,0,1) 0%,rgba(255,105,0,1) 100%)\">Je poste ma candidature et serais recontact\u00e9 rapidement<\/a><\/div>\n<!-- \/wp:button --><\/div>\n<!-- \/wp:buttons -->\n\n<!-- wp:paragraph {\"align\":\"center\",\"textColor\":\"white\",\"fontSize\":\"small\"} -->\n<p class=\"has-text-align-center has-white-color has-text-color has-small-font-size\"><sup>-<\/sup><\/p>\n<!-- \/wp:paragraph -->\n\n<!-- wp:buttons {\"layout\":{\"type\":\"flex\",\"justifyContent\":\"center\"}} -->\n<div class=\"wp-block-buttons\"><!-- wp:button {\"width\":100,\"style\":{\"border\":{\"radius\":\"6px\"},\"color\":{\"gradient\":\"linear-gradient(180deg,rgb(2,3,129) 0%,rgb(40,116,252) 100%)\"}},\"className\":\"is-style-fill\",\"fontSize\":\"small\"} -->\n<div class=\"wp-block-button has-custom-width wp-block-button__width-100 has-custom-font-size is-style-fill has-small-font-size\"><a class=\"wp-block-button__link has-background wp-element-button\" href=\"https:\/\/form.123formbuilder.com\/6678066\/embauche-nouveau-salarie\" style=\"border-radius:6px;background:linear-gradient(180deg,rgb(2,3,129) 0%,rgb(40,116,252) 100%)\" target=\"_blank\" rel=\"noreferrer noopener\">J'ai eu rendez vous et remplis le dossier d'integration<\/a><\/div>\n<!-- \/wp:button --><\/div>\n<!-- \/wp:buttons -->\n","protected":false},"excerpt":{"rendered":"","protected":false},"author":1,"featured_media":0,"parent":0,"menu_order":0,"comment_status":"closed","ping_status":"closed","template":"","meta":{"footnotes":""},"acf":[],"_links":{"self":[{"href":"https:\/\/host13.edservices.fr\/sth\/wp-json\/wp\/v2\/pages\/21"}],"collection":[{"href":"https:\/\/host13.edservices.fr\/sth\/wp-json\/wp\/v2\/pages"}],"about":[{"href":"https:\/\/host13.edservices.fr\/sth\/wp-json\/wp\/v2\/types\/page"}],"author":[{"embeddable":true,"href":"https:\/\/host13.edservices.fr\/sth\/wp-json\/wp\/v2\/users\/1"}],"replies":[{"embeddable":true,"href":"https:\/\/host13.edservices.fr\/sth\/wp-json\/wp\/v2\/comments?post=21"}],"version-history":[{"count":5,"href":"https:\/\/host13.edservices.fr\/sth\/wp-json\/wp\/v2\/pages\/21\/revisions"}],"predecessor-version":[{"id":3322,"href":"https:\/\/host13.edservices.fr\/sth\/wp-json\/wp\/v2\/pages\/21\/revisions\/3322"}],"wp:attachment":[{"href":"https:\/\/host13.edservices.fr\/sth\/wp-json\/wp\/v2\/media?parent=21"}],"curies":[{"name":"wp","href":"https:\/\/api.w.org\/{rel}","templated":true}]}}