{"id":23,"date":"2023-05-10T15:29:39","date_gmt":"2023-05-10T13:29:39","guid":{"rendered":"https:\/\/host4.edservices.fr\/schlichtingtest\/?page_id=23"},"modified":"2024-11-19T15:03:13","modified_gmt":"2024-11-19T14:03:13","slug":"devis","status":"publish","type":"page","link":"https:\/\/host13.edservices.fr\/sth\/devis\/","title":{"rendered":"Devis Gratuits"},"content":{"rendered":"\n<div style=\"height:40px\"><\/div><!-- wp:image {\"id\":573,\"sizeSlug\":\"full\",\"linkDestination\":\"none\",\"className\":\"header\"} -->\n<figure class=\"wp-block-image size-full header\"><img src=\"https:\/\/host4.edservices.fr\/schlichting\/wp-content\/uploads\/sites\/29\/2022\/08\/demande-devis-2.jpg\" alt=\"\" class=\"wp-image-573\" \/><\/figure>\n<!-- \/wp:image -->\n\n<!-- wp:contact-form-7\/contact-form-selector {\"id\":203,\"title\":\"Demande de devis\"} -->\n<div class=\"wp-block-contact-form-7-contact-form-selector\">\n<div class=\"wpcf7 no-js\" id=\"wpcf7-f3247-o1\" lang=\"fr-FR\" dir=\"ltr\">\n<div class=\"screen-reader-response\"><p role=\"status\" aria-live=\"polite\" aria-atomic=\"true\"><\/p> <ul><\/ul><\/div>\n<form action=\"\/sth\/wp-json\/wp\/v2\/pages\/23#wpcf7-f3247-o1\" method=\"post\" class=\"wpcf7-form init\" aria-label=\"Formulaire de contact\" novalidate=\"novalidate\" data-status=\"init\">\n<div style=\"display: none;\">\n<input type=\"hidden\" name=\"_wpcf7\" value=\"3247\" \/>\n<input type=\"hidden\" name=\"_wpcf7_version\" value=\"5.8\" \/>\n<input type=\"hidden\" name=\"_wpcf7_locale\" value=\"fr_FR\" \/>\n<input type=\"hidden\" name=\"_wpcf7_unit_tag\" value=\"wpcf7-f3247-o1\" \/>\n<input type=\"hidden\" name=\"_wpcf7_container_post\" value=\"0\" \/>\n<input type=\"hidden\" name=\"_wpcf7_posted_data_hash\" value=\"\" \/>\n<\/div>\n<div id=\"responsive-form\" class=\"clearfix\">\n\t<h2>Informations\n\t<\/h2>\n\t<div class=\"section group\">\n\t\t<div class=\"col span_1_of_2\">\n\t\t\t<p>Nom* <span class=\"wpcf7-form-control-wrap\" data-name=\"last-name\"><input size=\"40\" class=\"wpcf7-form-control wpcf7-text wpcf7-validates-as-required\" aria-required=\"true\" aria-invalid=\"false\" value=\"\" type=\"text\" name=\"last-name\" \/><\/span>\n\t\t\t<\/p>\n\t\t<\/div>\n\t\t<div class=\"col span_1_of_2\">\n\t\t\t<p>Pr\u00e9nom* <span class=\"wpcf7-form-control-wrap\" data-name=\"first-name\"><input size=\"40\" class=\"wpcf7-form-control wpcf7-text wpcf7-validates-as-required\" aria-required=\"true\" aria-invalid=\"false\" value=\"\" type=\"text\" name=\"first-name\" \/><\/span>\n\t\t\t<\/p>\n\t\t<\/div>\n\t<\/div>\n\t<div class=\"section group\">\n\t\t<div class=\"col span_1_of_2\">\n\t\t\t<p>Soci\u00e9t\u00e9 <span class=\"wpcf7-form-control-wrap\" data-name=\"societe\"><input size=\"40\" class=\"wpcf7-form-control wpcf7-text\" aria-invalid=\"false\" value=\"\" type=\"text\" name=\"societe\" \/><\/span>\n\t\t\t<\/p>\n\t\t<\/div>\n\t\t<div class=\"col span_1_of_2\">\n\t\t\t<p>e-mail <span class=\"wpcf7-form-control-wrap\" data-name=\"your-email\"><input size=\"40\" class=\"wpcf7-form-control wpcf7-email wpcf7-validates-as-required wpcf7-text wpcf7-validates-as-email\" aria-required=\"true\" aria-invalid=\"false\" value=\"\" type=\"email\" name=\"your-email\" \/><\/span>\n\t\t\t<\/p>\n\t\t<\/div>\n\t<\/div>\n\t<div class=\"section group\">\n\t\t<div class=\"col span_1_of_2\">\n\t\t\t<p>T\u00e9l\u00e9phone* <span class=\"wpcf7-form-control-wrap\" data-name=\"your-phone\"><input size=\"40\" class=\"wpcf7-form-control wpcf7-tel wpcf7-validates-as-required wpcf7-text wpcf7-validates-as-tel\" aria-required=\"true\" aria-invalid=\"false\" value=\"\" type=\"tel\" name=\"your-phone\" \/><\/span>\n\t\t\t<\/p>\n\t\t<\/div>\n\t\t<div class=\"col span_1_of_2\">\n\t\t\t<p>Fax <span class=\"wpcf7-form-control-wrap\" data-name=\"fax\"><input size=\"40\" class=\"wpcf7-form-control wpcf7-tel wpcf7-text wpcf7-validates-as-tel\" aria-invalid=\"false\" value=\"\" type=\"tel\" name=\"fax\" \/><\/span>\n\t\t\t<\/p>\n\t\t<\/div>\n\t<\/div>\n\t<div class=\"section group\">\n\t\t<div class=\"col span_2_of_2\">\n\t\t\t<p>Adresse <span class=\"wpcf7-form-control-wrap\" data-name=\"adresse\"><input size=\"40\" class=\"wpcf7-form-control wpcf7-text\" aria-invalid=\"false\" value=\"\" type=\"text\" name=\"adresse\" \/><\/span>\n\t\t\t<\/p>\n\t\t<\/div>\n\t<\/div>\n\t<div class=\"section group\">\n\t\t<div class=\"col span_1_of_2\">\n\t\t\t<p>Code postal <span class=\"wpcf7-form-control-wrap\" data-name=\"code-postal\"><input size=\"40\" class=\"wpcf7-form-control wpcf7-text\" aria-invalid=\"false\" value=\"\" type=\"text\" name=\"code-postal\" \/><\/span>\n\t\t\t<\/p>\n\t\t<\/div>\n\t\t<div class=\"col span_1_of_2\">\n\t\t\t<p>Ville <span class=\"wpcf7-form-control-wrap\" data-name=\"ville\"><input size=\"40\" class=\"wpcf7-form-control wpcf7-text\" aria-invalid=\"false\" value=\"\" type=\"text\" name=\"ville\" \/><\/span>\n\t\t\t<\/p>\n\t\t<\/div>\n\t<\/div>\n\t<h2>Transport\n\t<\/h2>\n\t<div class=\"section group\">\n\t\t<div class=\"col span_1_of_2\">\n\t\t\t<p>Date de d\u00e9part <span class=\"wpcf7-form-control-wrap\" data-name=\"date-depart\"><input class=\"wpcf7-form-control wpcf7-date wpcf7-validates-as-date\" aria-invalid=\"false\" value=\"\" type=\"date\" name=\"date-depart\" \/><\/span>\n\t\t\t<\/p>\n\t\t<\/div>\n\t\t<div class=\"col span_1_of_2\">\n\t\t\t<p>Date d'arriv\u00e9e <span class=\"wpcf7-form-control-wrap\" data-name=\"date-arrivee\"><input class=\"wpcf7-form-control wpcf7-date wpcf7-validates-as-date\" aria-invalid=\"false\" value=\"\" type=\"date\" name=\"date-arrivee\" \/><\/span>\n\t\t\t<\/p>\n\t\t<\/div>\n\t<\/div>\n\t<div class=\"section group\">\n\t\t<div class=\"col span_1_of_2\">\n\t\t\t<p>Lieu de d\u00e9part <span class=\"wpcf7-form-control-wrap\" data-name=\"lieu-depart\"><input size=\"40\" class=\"wpcf7-form-control wpcf7-text\" aria-invalid=\"false\" value=\"\" type=\"text\" name=\"lieu-depart\" \/><\/span>\n\t\t\t<\/p>\n\t\t<\/div>\n\t\t<div class=\"col span_1_of_2\">\n\t\t\t<p>Lieu d'arriv\u00e9e <span class=\"wpcf7-form-control-wrap\" data-name=\"lieu-arrivee\"><input size=\"40\" class=\"wpcf7-form-control wpcf7-text\" aria-invalid=\"false\" value=\"\" type=\"text\" name=\"lieu-arrivee\" \/><\/span>\n\t\t\t<\/p>\n\t\t<\/div>\n\t<\/div>\n\t<div class=\"section group\">\n\t\t<div class=\"col span_2_of_2\">\n\t\t\t<p>Pr\u00e9cisez la marchandise \u00e0 transporter <span class=\"wpcf7-form-control-wrap\" data-name=\"your-message\"><textarea cols=\"40\" rows=\"10\" class=\"wpcf7-form-control wpcf7-textarea\" aria-invalid=\"false\" name=\"your-message\"><\/textarea><\/span>\n\t\t\t<\/p>\n\t\t<\/div>\n\t<\/div>\n\t<div class=\"section group\">\n\t\t<div class=\"col span_2_of_2\">\n\t\t\t<p><span class=\"wpcf7-form-control-wrap\" data-name=\"checkbox-accept\"><span class=\"wpcf7-form-control wpcf7-checkbox\"><span class=\"wpcf7-list-item first last\"><input type=\"checkbox\" name=\"checkbox-accept[]\" value=\"En cochant cette case, vous acceptez d\u2019\u00eatre recontact\u00e9 par email, conform\u00e9ment \u00e0 notre Politique de Confidentialit\u00e9\" \/><span class=\"wpcf7-list-item-label\">En cochant cette case, vous acceptez d\u2019\u00eatre recontact\u00e9 par email, conform\u00e9ment \u00e0 notre Politique de Confidentialit\u00e9<\/span><\/span><\/span><\/span>\n\t\t\t<\/p>\n\t\t<\/div>\n\t<\/div>\n\t<p><span id=\"wpcf7-69db924b840c2-wrapper\" class=\"wpcf7-form-control-wrap my-email-wrap\" style=\"display:none !important; visibility:hidden !important;\"><label for=\"wpcf7-69db924b840c2-field\" class=\"hp-message\">Veuillez laisser ce champ vide.<\/label><input id=\"wpcf7-69db924b840c2-field\"  class=\"wpcf7-form-control wpcf7-text\" type=\"text\" name=\"my-email\" value=\"\" size=\"40\" tabindex=\"-1\" autocomplete=\"new-password\" \/><\/span>\n\t<\/p>\n\t<div class=\"section group\">\n\t\t<div class=\"col span_2_of_2\">\n\t\t\t<p><span class=\"wpcf7-form-control-wrap\" data-name=\"hcap-cf7\">\t\t<input\n\t\t\t\ttype=\"hidden\"\n\t\t\t\tclass=\"hcaptcha-widget-id\"\n\t\t\t\tname=\"hcaptcha-widget-id\"\n\t\t\t\tvalue=\"eyJzb3VyY2UiOlsiY29udGFjdC1mb3JtLTdcL3dwLWNvbnRhY3QtZm9ybS03LnBocCJdLCJmb3JtX2lkIjoyMDN9-a1bad49cc3b30a18b8d2f6ade3d7135b\">\n\t\t\t\t<span id=\"hcap_cf7-69db924b844f66.49867337\" class=\"wpcf7-form-control h-captcha \"\n\t\t\tdata-sitekey=\"3e5ab4ac-b7ea-4650-92d6-b3ae3bb82f86\"\n\t\t\tdata-theme=\"light\"\n\t\t\tdata-size=\"normal\"\n\t\t\tdata-auto=\"false\"\n\t\t\tdata-ajax=\"false\"\n\t\t\tdata-force=\"false\">\n\t\t<\/span>\n\t\t<input type=\"hidden\" id=\"_wpnonce\" name=\"_wpnonce\" value=\"16aeef753e\" \/><input type=\"hidden\" name=\"_wp_http_referer\" value=\"\/sth\/wp-json\/wp\/v2\/pages\/23\" \/><\/span><input class=\"wpcf7-form-control wpcf7-submit has-spinner\" type=\"submit\" value=\"Envoyer\" \/>\n\t\t\t<\/p>\n\t\t<\/div>\n\t<\/div>\n<\/div><div class=\"wpcf7-response-output\" aria-hidden=\"true\"><\/div>\n<\/form>\n<\/div>\n<\/div>\n<!-- \/wp:contact-form-7\/contact-form-selector -->\n","protected":false},"excerpt":{"rendered":"","protected":false},"author":1,"featured_media":0,"parent":0,"menu_order":0,"comment_status":"closed","ping_status":"closed","template":"","meta":{"footnotes":""},"acf":[],"_links":{"self":[{"href":"https:\/\/host13.edservices.fr\/sth\/wp-json\/wp\/v2\/pages\/23"}],"collection":[{"href":"https:\/\/host13.edservices.fr\/sth\/wp-json\/wp\/v2\/pages"}],"about":[{"href":"https:\/\/host13.edservices.fr\/sth\/wp-json\/wp\/v2\/types\/page"}],"author":[{"embeddable":true,"href":"https:\/\/host13.edservices.fr\/sth\/wp-json\/wp\/v2\/users\/1"}],"replies":[{"embeddable":true,"href":"https:\/\/host13.edservices.fr\/sth\/wp-json\/wp\/v2\/comments?post=23"}],"version-history":[{"count":3,"href":"https:\/\/host13.edservices.fr\/sth\/wp-json\/wp\/v2\/pages\/23\/revisions"}],"predecessor-version":[{"id":4330,"href":"https:\/\/host13.edservices.fr\/sth\/wp-json\/wp\/v2\/pages\/23\/revisions\/4330"}],"wp:attachment":[{"href":"https:\/\/host13.edservices.fr\/sth\/wp-json\/wp\/v2\/media?parent=23"}],"curies":[{"name":"wp","href":"https:\/\/api.w.org\/{rel}","templated":true}]}}